{"id":664,"date":"2016-12-29T19:58:55","date_gmt":"2016-12-29T19:58:55","guid":{"rendered":"http:\/\/hausaerzte-in-esens.de\/wp\/?page_id=664"},"modified":"2019-09-17T17:08:38","modified_gmt":"2019-09-17T17:08:38","slug":"historische-einblicke-gesundheitswesen-esens","status":"publish","type":"page","link":"https:\/\/hausaerzte-in-esens.de\/wp\/galerie\/ausstellungen\/historische-einblicke-gesundheitswesen-esens\/","title":{"rendered":"Historische Einblicke in das Gesundheitswesen in Esens"},"content":{"rendered":"\n\t\t<style type=\"text\/css\">\n\t\t\t#gallery-1 {\n\t\t\t\tmargin: auto;\n\t\t\t}\n\t\t\t#gallery-1 .gallery-item {\n\t\t\t\tfloat: left;\n\t\t\t\tmargin-top: 10px;\n\t\t\t\ttext-align: center;\n\t\t\t\twidth: 25%;\n\t\t\t}\n\t\t\t#gallery-1 img {\n\t\t\t\tborder: 2px solid #cfcfcf;\n\t\t\t}\n\t\t\t#gallery-1 .gallery-caption {\n\t\t\t\tmargin-left: 0;\n\t\t\t}\n\t\t\t\/* see gallery_shortcode() in wp-includes\/media.php *\/\n\t\t<\/style>\n\t\t<div id='gallery-1' class='gallery galleryid-664 gallery-columns-4 gallery-size-thumbnail'><dl class='gallery-item'>\n\t\t\t<dt class='gallery-icon portrait'>\n\t\t\t\t<a href='https:\/\/hausaerzte-in-esens.de\/wp\/galerie\/ausstellungen\/historische-einblicke-gesundheitswesen-esens\/grahlmann-1\/#main'><img loading=\"lazy\" decoding=\"async\" width=\"150\" height=\"150\" src=\"https:\/\/hausaerzte-in-esens.de\/wp\/wp-content\/uploads\/2018\/08\/Grahlmann-1-150x150.jpg\" class=\"attachment-thumbnail size-thumbnail\" alt=\"\" aria-describedby=\"gallery-1-760\" \/><\/a>\n\t\t\t<\/dt>\n\t\t\t\t<dd class='wp-caption-text gallery-caption' id='gallery-1-760'>\n\t\t\t\tDr. Grahlmann\n\t\t\t\t<\/dd><\/dl><dl class='gallery-item'>\n\t\t\t<dt class='gallery-icon landscape'>\n\t\t\t\t<a href='https:\/\/hausaerzte-in-esens.de\/wp\/altes-krankenhaus-esens-bensersieler-strasse-1950-2\/'><img loading=\"lazy\" decoding=\"async\" width=\"150\" height=\"150\" src=\"https:\/\/hausaerzte-in-esens.de\/wp\/wp-content\/uploads\/2018\/08\/Altes-Krankenhaus-Esens-Bensersieler-Stra\u00dfe-1950-150x150.jpg\" class=\"attachment-thumbnail size-thumbnail\" alt=\"\" aria-describedby=\"gallery-1-759\" \/><\/a>\n\t\t\t<\/dt>\n\t\t\t\t<dd class='wp-caption-text gallery-caption' id='gallery-1-759'>\n\t\t\t\tAltes-Krankenhaus-Esens-Bensersieler-Stra\u00dfe-1950\n\t\t\t\t<\/dd><\/dl><dl class='gallery-item'>\n\t\t\t<dt class='gallery-icon landscape'>\n\t\t\t\t<a href='https:\/\/hausaerzte-in-esens.de\/wp\/galerie\/ausstellungen\/historische-einblicke-gesundheitswesen-esens\/altes-kh\/#main'><img loading=\"lazy\" decoding=\"async\" width=\"150\" height=\"150\" src=\"https:\/\/hausaerzte-in-esens.de\/wp\/wp-content\/uploads\/2016\/12\/Altes-KH-150x150.jpg\" class=\"attachment-thumbnail size-thumbnail\" alt=\"\" aria-describedby=\"gallery-1-675\" \/><\/a>\n\t\t\t<\/dt>\n\t\t\t\t<dd class='wp-caption-text gallery-caption' id='gallery-1-675'>\n\t\t\t\tAltes Krankenhaus Esens\n\t\t\t\t<\/dd><\/dl><dl class='gallery-item'>\n\t\t\t<dt class='gallery-icon landscape'>\n\t\t\t\t<a href='https:\/\/hausaerzte-in-esens.de\/wp\/galerie\/ausstellungen\/historische-einblicke-gesundheitswesen-esens\/gebaeude-der-spaeteren-hausarztpraxis-bahnhofstrasse-12\/#main'><img loading=\"lazy\" decoding=\"async\" width=\"150\" height=\"150\" src=\"https:\/\/hausaerzte-in-esens.de\/wp\/wp-content\/uploads\/2016\/12\/Geb\u00e4ude-der-sp\u00e4teren-Hausarztpraxis-Bahnhofstra\u00dfe-12-150x150.jpg\" class=\"attachment-thumbnail size-thumbnail\" alt=\"\" aria-describedby=\"gallery-1-671\" \/><\/a>\n\t\t\t<\/dt>\n\t\t\t\t<dd class='wp-caption-text gallery-caption' id='gallery-1-671'>\n\t\t\t\tPraxisgeb\u00e4ude Anfang 20. Jhdt.\n\t\t\t\t<\/dd><\/dl><br style=\"clear: both\" \/><dl class='gallery-item'>\n\t\t\t<dt class='gallery-icon portrait'>\n\t\t\t\t<a href='https:\/\/hausaerzte-in-esens.de\/wp\/galerie\/ausstellungen\/historische-einblicke-gesundheitswesen-esens\/mueller-waldemar-dr-1-kopie\/#main'><img loading=\"lazy\" decoding=\"async\" width=\"150\" height=\"150\" src=\"https:\/\/hausaerzte-in-esens.de\/wp\/wp-content\/uploads\/2016\/12\/M\u00fcller-Waldemar-Dr.1-Kopie-150x150.jpg\" class=\"attachment-thumbnail size-thumbnail\" alt=\"\" aria-describedby=\"gallery-1-669\" \/><\/a>\n\t\t\t<\/dt>\n\t\t\t\t<dd class='wp-caption-text gallery-caption' id='gallery-1-669'>\n\t\t\t\tDr. Waldemar M\u00fcller\n\t\t\t\t<\/dd><\/dl><dl class='gallery-item'>\n\t\t\t<dt class='gallery-icon landscape'>\n\t\t\t\t<a href='https:\/\/hausaerzte-in-esens.de\/wp\/galerie\/ausstellungen\/historische-einblicke-gesundheitswesen-esens\/img015\/#main'><img loading=\"lazy\" decoding=\"async\" width=\"150\" height=\"150\" src=\"https:\/\/hausaerzte-in-esens.de\/wp\/wp-content\/uploads\/2016\/12\/img015-150x150.jpg\" class=\"attachment-thumbnail size-thumbnail\" alt=\"\" aria-describedby=\"gallery-1-667\" \/><\/a>\n\t\t\t<\/dt>\n\t\t\t\t<dd class='wp-caption-text gallery-caption' id='gallery-1-667'>\n\t\t\t\tDr. Reemt Martens\n\t\t\t\t<\/dd><\/dl><dl class='gallery-item'>\n\t\t\t<dt class='gallery-icon portrait'>\n\t\t\t\t<a href='https:\/\/hausaerzte-in-esens.de\/wp\/galerie\/ausstellungen\/historische-einblicke-gesundheitswesen-esens\/blume-dr-med-hermann-1972\/#main'><img loading=\"lazy\" decoding=\"async\" width=\"150\" height=\"150\" src=\"https:\/\/hausaerzte-in-esens.de\/wp\/wp-content\/uploads\/2016\/12\/Blume-Dr.-med-Hermann-1972-150x150.jpg\" class=\"attachment-thumbnail size-thumbnail\" alt=\"\" aria-describedby=\"gallery-1-665\" \/><\/a>\n\t\t\t<\/dt>\n\t\t\t\t<dd class='wp-caption-text gallery-caption' id='gallery-1-665'>\n\t\t\t\tDr. Hermann Blume\n\t\t\t\t<\/dd><\/dl><dl class='gallery-item'>\n\t\t\t<dt class='gallery-icon landscape'>\n\t\t\t\t<a href='https:\/\/hausaerzte-in-esens.de\/wp\/galerie\/ausstellungen\/historische-einblicke-gesundheitswesen-esens\/schwestern-des-krankenhauses-1945\/#main'><img loading=\"lazy\" decoding=\"async\" width=\"150\" height=\"150\" src=\"https:\/\/hausaerzte-in-esens.de\/wp\/wp-content\/uploads\/2016\/12\/Schwestern-des-Krankenhauses-1945-150x150.jpg\" class=\"attachment-thumbnail size-thumbnail\" alt=\"\" aria-describedby=\"gallery-1-672\" \/><\/a>\n\t\t\t<\/dt>\n\t\t\t\t<dd class='wp-caption-text gallery-caption' id='gallery-1-672'>\n\t\t\t\tSchwesternschaft des Esenser Krankenhauses 1945\n\t\t\t\t<\/dd><\/dl><br style=\"clear: both\" \/>\n\t\t<\/div>\n\n<p>Wir danken Herrn Detlef Kies\u00e9 f\u00fcr\u00a0zahlreiche Bilder aus seinem Archiv.<\/p>\n","protected":false},"excerpt":{"rendered":"<p>Wir danken Herrn Detlef Kies\u00e9 f\u00fcr\u00a0zahlreiche Bilder aus seinem Archiv.<\/p>\n","protected":false},"author":4,"featured_media":0,"parent":486,"menu_order":0,"comment_status":"closed","ping_status":"closed","template":"","meta":{"footnotes":""},"class_list":["post-664","page","type-page","status-publish","hentry"],"_links":{"self":[{"href":"https:\/\/hausaerzte-in-esens.de\/wp\/wp-json\/wp\/v2\/pages\/664","targetHints":{"allow":["GET"]}}],"collection":[{"href":"https:\/\/hausaerzte-in-esens.de\/wp\/wp-json\/wp\/v2\/pages"}],"about":[{"href":"https:\/\/hausaerzte-in-esens.de\/wp\/wp-json\/wp\/v2\/types\/page"}],"author":[{"embeddable":true,"href":"https:\/\/hausaerzte-in-esens.de\/wp\/wp-json\/wp\/v2\/users\/4"}],"replies":[{"embeddable":true,"href":"https:\/\/hausaerzte-in-esens.de\/wp\/wp-json\/wp\/v2\/comments?post=664"}],"version-history":[{"count":10,"href":"https:\/\/hausaerzte-in-esens.de\/wp\/wp-json\/wp\/v2\/pages\/664\/revisions"}],"predecessor-version":[{"id":878,"href":"https:\/\/hausaerzte-in-esens.de\/wp\/wp-json\/wp\/v2\/pages\/664\/revisions\/878"}],"up":[{"embeddable":true,"href":"https:\/\/hausaerzte-in-esens.de\/wp\/wp-json\/wp\/v2\/pages\/486"}],"wp:attachment":[{"href":"https:\/\/hausaerzte-in-esens.de\/wp\/wp-json\/wp\/v2\/media?parent=664"}],"curies":[{"name":"wp","href":"https:\/\/api.w.org\/{rel}","templated":true}]}}