{"id":882,"date":"2019-09-17T17:35:38","date_gmt":"2019-09-17T17:35:38","guid":{"rendered":"https:\/\/hausaerzte-in-esens.de\/wp\/?page_id=882"},"modified":"2019-09-17T17:40:22","modified_gmt":"2019-09-17T17:40:22","slug":"termine","status":"publish","type":"page","link":"https:\/\/hausaerzte-in-esens.de\/wp\/termine\/","title":{"rendered":"Termine"},"content":{"rendered":"<p>Ja, es gibt Praxen, bei denen man online Termine buchen kann.<br \/>\n<strong>Wir sprechen lieber mit Ihnen<\/strong>, um den voraussichtlichen Bedarf absch\u00e4tzen zu k\u00f6nnen.<\/p>\n<p>Vereinbaren Sie bitte m\u00f6glichst immer einen Termin. Selbst f\u00fcr <strong>dringende Anl\u00e4sse<\/strong> halten wir am selben Tag sogenannte \u201eSchnelltermi<a href=\"https:\/\/hausaerzte-in-esens.de\/wp\/wp-content\/uploads\/2019\/09\/Terminecartoon.jpg\"><img loading=\"lazy\" decoding=\"async\" class=\"alignright wp-image-883\" src=\"https:\/\/hausaerzte-in-esens.de\/wp\/wp-content\/uploads\/2019\/09\/Terminecartoon.jpg\" alt=\"\" width=\"261\" height=\"210\" srcset=\"https:\/\/hausaerzte-in-esens.de\/wp\/wp-content\/uploads\/2019\/09\/Terminecartoon.jpg 400w, https:\/\/hausaerzte-in-esens.de\/wp\/wp-content\/uploads\/2019\/09\/Terminecartoon-300x242.jpg 300w\" sizes=\"auto, (max-width: 261px) 100vw, 261px\" \/><\/a>ne\u201c f\u00fcr Notf\u00e4lle vor, die erst ab morgens 8 Uhr vergeben werden. Es ist deshalb immer am besten, wenn Sie kurz anrufen. Ausnahmen sind nat\u00fcrlich z.B. Verletzungen, die sofort behandelt werden m\u00fcssen.<\/p>\n<p>Unsere <strong>regul\u00e4ren Sprechstundenzeiten<\/strong> sind von <strong>8-13 Uhr<\/strong> und von <strong>15-18 Uh<\/strong>r, mittwochs und freitags findet nachmittags keine regul\u00e4re Sprechstunde statt.<br \/>\nFragen Sie uns bei Bedarf nach arbeitnehmerfreundlichen Sprechstunden vor 8 und nach 18 Uhr.<\/p>\n<p>Telefonisch sind wir zu den regul\u00e4ren o.g. Sprechstundenzeiten erreichbar.<\/p>\n","protected":false},"excerpt":{"rendered":"<p>Ja, es gibt Praxen, bei denen man online Termine buchen kann. Wir sprechen lieber mit Ihnen, um den voraussichtlichen Bedarf absch\u00e4tzen zu k\u00f6nnen. Vereinbaren Sie bitte m\u00f6glichst immer einen Termin. Selbst f\u00fcr dringende Anl\u00e4sse halten wir am selben Tag sogenannte <a class=\"more-link\" href=\"https:\/\/hausaerzte-in-esens.de\/wp\/termine\/\">weiterlesen &#8230;<\/a><\/p>\n","protected":false},"author":4,"featured_media":0,"parent":0,"menu_order":0,"comment_status":"closed","ping_status":"closed","template":"","meta":{"footnotes":""},"class_list":["post-882","page","type-page","status-publish","hentry"],"_links":{"self":[{"href":"https:\/\/hausaerzte-in-esens.de\/wp\/wp-json\/wp\/v2\/pages\/882","targetHints":{"allow":["GET"]}}],"collection":[{"href":"https:\/\/hausaerzte-in-esens.de\/wp\/wp-json\/wp\/v2\/pages"}],"about":[{"href":"https:\/\/hausaerzte-in-esens.de\/wp\/wp-json\/wp\/v2\/types\/page"}],"author":[{"embeddable":true,"href":"https:\/\/hausaerzte-in-esens.de\/wp\/wp-json\/wp\/v2\/users\/4"}],"replies":[{"embeddable":true,"href":"https:\/\/hausaerzte-in-esens.de\/wp\/wp-json\/wp\/v2\/comments?post=882"}],"version-history":[{"count":5,"href":"https:\/\/hausaerzte-in-esens.de\/wp\/wp-json\/wp\/v2\/pages\/882\/revisions"}],"predecessor-version":[{"id":889,"href":"https:\/\/hausaerzte-in-esens.de\/wp\/wp-json\/wp\/v2\/pages\/882\/revisions\/889"}],"wp:attachment":[{"href":"https:\/\/hausaerzte-in-esens.de\/wp\/wp-json\/wp\/v2\/media?parent=882"}],"curies":[{"name":"wp","href":"https:\/\/api.w.org\/{rel}","templated":true}]}}